{"id":2,"date":"2016-05-10T03:48:21","date_gmt":"2016-05-10T03:48:21","guid":{"rendered":"http:\/\/therapeutencentrum.nl\/?page_id=2"},"modified":"2025-10-21T13:43:21","modified_gmt":"2025-10-21T13:43:21","slug":"sample-page","status":"publish","type":"page","link":"https:\/\/therapeutencentrum.nl\/","title":{"rendered":"Home"},"content":{"rendered":"\n<div class=\"wp-block-media-text has-media-on-the-right is-stacked-on-mobile\" style=\"grid-template-columns:auto 22%\"><div class=\"wp-block-media-text__content\">\n<h2 class=\"wp-block-heading\">Welkom<\/h2>\n\n\n\n<p>&#8230;bij de praktijk voor Traditionele Chinese Geneeskunde van Cherien Abell, gediplomeerd therapeut klassieke Acupunctuur, TuiNa massage, LaserNeedle, Lichttherapie, Voedingsadvies, Stoelmassage en Chinese kruidentherapie.<\/p>\n\n\n\n<p>Mijn praktijk is aangesloten bij de beroepsvereniging <a href=\"https:\/\/zhong.nl\/\" target=\"_blank\" rel=\"noopener\">NVTCG Zhong<\/a>, lid van <a href=\"https:\/\/www.kab-koepel.nl\/\" target=\"_blank\" rel=\"noopener\">KAB<\/a> en <a href=\"https:\/\/www.scag.nl\/\" data-type=\"link\" data-id=\"https:\/\/www.scag.nl\/\" target=\"_blank\" rel=\"noreferrer noopener\">SCAG<\/a> en ingeschreven in het Register Beroepsbeoefenaren Complementaire Zorg (<a href=\"https:\/\/rbcz.nu\/\" target=\"_blank\" rel=\"noopener\">RBCZ<\/a>). Dit garandeert dat u aan het adres bent van een professioneel opgeleide behandelaar.<\/p>\n\n\n\n<p>Mijn drijfveer is dat ieder mens recht heeft op goede hulp. In de afgelopen twintig jaar heb ik in mijn praktijk honderden cli\u00ebnten mogen helpen naar een pijnvrij of meer klachtenvrij leven. Het is geweldig wanneer je ziet dat mensen baat hebben bij je aanpak, als ze met een <em>smile&nbsp;<\/em>de praktijk verlaten. Mensen komen meestal met een acute of chronische klacht, en wanneer die verminderd of verholpen is, komen ze vaak terug voor preventief onderhoud. Daar zet ik mij voor in: dat mensen de pijn voor willen zijn en zich bewuster worden van hun gezondheid. Daarom is mijn motto: <\/p>\n\n\n\n<p><strong>Wen niet aan pijn<\/strong>!<\/p>\n<\/div><figure class=\"wp-block-media-text__media\"><img decoding=\"async\" src=\"https:\/\/therapeutencentrum.nl\/wp-content\/uploads\/2018\/08\/IMG_9972_Edit-702x1024.jpg\" alt=\"\" class=\"wp-image-6795 size-full\"\/><\/figure><\/div>\n\n\n\n<div class=\"wp-block-media-text is-stacked-on-mobile\" style=\"grid-template-columns:30% auto\"><figure class=\"wp-block-media-text__media\"><img fetchpriority=\"high\" decoding=\"async\" width=\"1024\" height=\"632\" src=\"https:\/\/therapeutencentrum.nl\/wp-content\/uploads\/2018\/07\/IMG_9984-1024x632.jpg\" alt=\"\" class=\"wp-image-6763 size-full\" srcset=\"https:\/\/therapeutencentrum.nl\/wp-content\/uploads\/2018\/07\/IMG_9984-1024x632.jpg 1024w, https:\/\/therapeutencentrum.nl\/wp-content\/uploads\/2018\/07\/IMG_9984-300x185.jpg 300w, https:\/\/therapeutencentrum.nl\/wp-content\/uploads\/2018\/07\/IMG_9984-768x474.jpg 768w, https:\/\/therapeutencentrum.nl\/wp-content\/uploads\/2018\/07\/IMG_9984-1220x753.jpg 1220w, https:\/\/therapeutencentrum.nl\/wp-content\/uploads\/2018\/07\/IMG_9984-915x565.jpg 915w, https:\/\/therapeutencentrum.nl\/wp-content\/uploads\/2018\/07\/IMG_9984-600x370.jpg 600w, https:\/\/therapeutencentrum.nl\/wp-content\/uploads\/2018\/07\/IMG_9984-393x243.jpg 393w, https:\/\/therapeutencentrum.nl\/wp-content\/uploads\/2018\/07\/IMG_9984-290x179.jpg 290w\" sizes=\"(max-width: 1024px) 100vw, 1024px\" \/><\/figure><div class=\"wp-block-media-text__content\">\n<p><br><strong>Wat u mag verwachten van TCM praktijk Cherien Abell:<\/strong><\/p>\n\n\n\n<ul class=\"wp-block-list\">\n<li><strong>Kwaliteit<\/strong>: ik bied deskundige en effectieve behandelingen die ik kan aanpassen naar uw klacht of wens.<\/li>\n\n\n\n<li><strong>Aandacht<\/strong>: Ik luister en neem de tijd om uw klacht of pijn goed te begrijpen.<\/li>\n\n\n\n<li><strong>Inzet<\/strong>: Ik zet mijn expertise en inzicht volledig in zodat uw klacht of pijn verandert in een grotere gezondheid en meer energie.<\/li>\n<\/ul>\n\n\n\n<p>Uw herstel is mijn voldoening.<\/p>\n<\/div><\/div>\n\n\n\n<div class=\"wp-block-media-text has-media-on-the-right is-stacked-on-mobile\" style=\"grid-template-columns:auto 22%\"><div class=\"wp-block-media-text__content\">\n<h2 class=\"wp-block-heading\">Ervaringen<\/h2>\n\n\n\n<p><strong>Simone:<\/strong> \u201cCherien Abell weet wat ze doet en waar ze over praat in de acupunctuur. Ze heeft me door de jaren heen van heel wat pijn verlost.\u201d<\/p>\n\n\n\n<p><strong>Lydia:<\/strong> \u201cCherien helpt mij altijd heel goed. Ik denk dat ik anders al lang een zware rugoperatie had moeten ondergaan want andere therapie en medicijnen hielpen niet. Na de behandeling heb ik veel minder pijn en meer rust in mijn &nbsp;lichaam.\u201d<\/p>\n\n\n\n<p><strong>Oskar:<\/strong>&nbsp;\u201cCherien Abell werkt vanuit een roeping. Zij weet dat een mens en zijn aandoening in veel gevallen meer nodig heeft dan een mechanische of farmaceutische benadering. Haar visie en vakkundigheid worden gevoed door een brede kijk op leefstijl, regie en zelfbeeld. Haar behandelingen bevorderen het zelfherstellend vermogen van mijn lijf.\u201d<\/p>\n\n\n\n<p><strong>Ivy:<\/strong> \u201cIntussen kom ik al weer wat jaartjes bij Cherien. Eerst voor een acute rugpijn waardoor ik niet meer rechtop kon lopen. Na de eerste behandeling bij Cherien liep ik al beter, de dag erna was weer helemaal goed. Ik vond het wonderbaarlijk. Sindsdien blijf ik bij Cherien komen. Voor de ischias en uitstralende pijn in mijn been, voor een stijve, pijnlijke arm, allerlei klachten. Mij valt altijd weer op hoe elke behandeling weer uniek is, er is er nooit \u00e9\u00e9n dezelfde. Altijd weer denkt Cherien scherp na wat deze keer het beste is. Ik kom er altijd beter vandaan. Wat ik ook zo waardeer, en ik begrijp niet goed waar ze de energie vandaan haalt, maar Cherien geeft echt haar alles. Ze zal nooit op routine draaien. Ze wil echt het allerbeste bereiken voor haar cli\u00ebnten. Wat inzet en expertise betreft staat Cherien echt op nummer \u00e9\u00e9n op mijn lijst van alle therapeuten die ik al eens heb geprobeerd.\u201d<\/p>\n\n\n\n<p><strong>Elsa:<\/strong> Na een ernstig auto-ongeluk jaren ziekenhuis in, ziekenhuis uit en al een jaar weer opnieuw bezig met fysiotherapie en allemaal heeft het niks uitgehaald. Mijn rugpijn bleef. De wanhoop nabij. &nbsp;Tot ik voor het eerst naar Cherien ging. Na een uitgebreide professionele intake kon het beginnen. &nbsp;Al na de eerste behandeling een opluchting en ineens 2 weken nagenoeg rugpijn vrij!! Inmiddels meerdere behandelingen gehad en heb eindelijk hoop dat ik van de zware pijnstillers af kan en weer meer kan gaan bewegen. Stap voor stap wordt mijn rug losser en beter. De persoonlijke aanpak specifiek gericht op mij en mijn problemen heeft eindelijk het effect wat ik naarstig gezocht heb. Ik kan het iedereen aanraden!<\/p>\n<\/div><figure class=\"wp-block-media-text__media\"><img decoding=\"async\" width=\"1024\" height=\"683\" src=\"https:\/\/therapeutencentrum.nl\/wp-content\/uploads\/2018\/07\/amazing-balance-blur-312839-1024x683.jpg\" alt=\"\" class=\"wp-image-6753 size-full\" srcset=\"https:\/\/therapeutencentrum.nl\/wp-content\/uploads\/2018\/07\/amazing-balance-blur-312839-1024x683.jpg 1024w, https:\/\/therapeutencentrum.nl\/wp-content\/uploads\/2018\/07\/amazing-balance-blur-312839-300x200.jpg 300w, https:\/\/therapeutencentrum.nl\/wp-content\/uploads\/2018\/07\/amazing-balance-blur-312839-768x512.jpg 768w, https:\/\/therapeutencentrum.nl\/wp-content\/uploads\/2018\/07\/amazing-balance-blur-312839-1220x813.jpg 1220w, https:\/\/therapeutencentrum.nl\/wp-content\/uploads\/2018\/07\/amazing-balance-blur-312839-915x610.jpg 915w, https:\/\/therapeutencentrum.nl\/wp-content\/uploads\/2018\/07\/amazing-balance-blur-312839-600x400.jpg 600w, https:\/\/therapeutencentrum.nl\/wp-content\/uploads\/2018\/07\/amazing-balance-blur-312839-393x262.jpg 393w, https:\/\/therapeutencentrum.nl\/wp-content\/uploads\/2018\/07\/amazing-balance-blur-312839-290x193.jpg 290w\" sizes=\"(max-width: 1024px) 100vw, 1024px\" \/><\/figure><\/div>\n\n\n\n<figure class=\"wp-block-image\"><img decoding=\"async\" src=\"https:\/\/therapeutencentrum.nl\/wp-content\/uploads\/2018\/06\/Unive_Cherien_Abell-237x300.jpg\" alt=\"\"\/><\/figure>\n\n\n\n<p><\/p>\n","protected":false},"excerpt":{"rendered":"<p>Welkom &#8230;bij de praktijk voor Traditionele Chinese Geneeskunde van Cherien Abell, gediplomeerd therapeut klassieke Acupunctuur, TuiNa massage, LaserNeedle, Lichttherapie, Voedingsadvies, Stoelmassage en Chinese kruidentherapie. Mijn praktijk is aangesloten bij de beroepsvereniging NVTCG Zhong, lid van KAB en SCAG en ingeschreven in het Register Beroepsbeoefenaren Complementaire Zorg (RBCZ). Dit garandeert dat u aan het adres bent [&hellip;]<\/p>\n","protected":false},"author":1,"featured_media":0,"parent":0,"menu_order":0,"comment_status":"closed","ping_status":"open","template":"elementor_header_footer","meta":{"footnotes":""},"class_list":["post-2","page","type-page","status-publish","hentry"],"_links":{"self":[{"href":"https:\/\/therapeutencentrum.nl\/index.php?rest_route=\/wp\/v2\/pages\/2","targetHints":{"allow":["GET"]}}],"collection":[{"href":"https:\/\/therapeutencentrum.nl\/index.php?rest_route=\/wp\/v2\/pages"}],"about":[{"href":"https:\/\/therapeutencentrum.nl\/index.php?rest_route=\/wp\/v2\/types\/page"}],"author":[{"embeddable":true,"href":"https:\/\/therapeutencentrum.nl\/index.php?rest_route=\/wp\/v2\/users\/1"}],"replies":[{"embeddable":true,"href":"https:\/\/therapeutencentrum.nl\/index.php?rest_route=%2Fwp%2Fv2%2Fcomments&post=2"}],"version-history":[{"count":167,"href":"https:\/\/therapeutencentrum.nl\/index.php?rest_route=\/wp\/v2\/pages\/2\/revisions"}],"predecessor-version":[{"id":7318,"href":"https:\/\/therapeutencentrum.nl\/index.php?rest_route=\/wp\/v2\/pages\/2\/revisions\/7318"}],"wp:attachment":[{"href":"https:\/\/therapeutencentrum.nl\/index.php?rest_route=%2Fwp%2Fv2%2Fmedia&parent=2"}],"curies":[{"name":"wp","href":"https:\/\/api.w.org\/{rel}","templated":true}]}}